{"id":4078,"date":"2023-09-12T13:55:52","date_gmt":"2023-09-12T12:55:52","guid":{"rendered":"https:\/\/observatoriomasculinidad.umh.es\/?page_id=4078"},"modified":"2023-09-12T16:35:45","modified_gmt":"2023-09-12T15:35:45","slug":"formacion","status":"publish","type":"page","link":"https:\/\/observatoriomasculinidad.umh.es\/en\/formacion\/","title":{"rendered":"Borrador autom\u00e1tico"},"content":{"rendered":"<p>[et_pb_section fb_built=&#8221;1&#8243; admin_label=&#8221;section&#8221; _builder_version=&#8221;4.16&#8243; use_background_color_gradient=&#8221;on&#8221; background_image=&#8221;http:\/\/observatoriomasculinidad.umh.es\/files\/2018\/07\/imagen-congres-masc2-e1609331899251.jpg&#8221; transparent_background=&#8221;off&#8221; padding_mobile=&#8221;off&#8221; make_fullwidth=&#8221;off&#8221; use_custom_width=&#8221;off&#8221; width_unit=&#8221;on&#8221; global_colors_info=&#8221;{}&#8221;][et_pb_row padding_mobile=&#8221;off&#8221; column_padding_mobile=&#8221;on&#8221; admin_label=&#8221;Fila&#8221; _builder_version=&#8221;4.16&#8243; background_size=&#8221;initial&#8221; background_position=&#8221;top_left&#8221; background_repeat=&#8221;repeat&#8221; min_height=&#8221;145px&#8221; make_fullwidth=&#8221;off&#8221; use_custom_width=&#8221;off&#8221; width_unit=&#8221;on&#8221; global_colors_info=&#8221;{}&#8221;][et_pb_column type=&#8221;4_4&#8243; _builder_version=&#8221;4.16&#8243; custom_padding=&#8221;|||&#8221; global_colors_info=&#8221;{}&#8221; custom_padding__hover=&#8221;|||&#8221;][et_pb_text admin_label=&#8221;Formaci\u00f3n&#8221; _builder_version=&#8221;4.17.4&#8243; header_font_size=&#8221;45px&#8221; background_color=&#8221;rgba(0,0,0,0.43)&#8221; background_size=&#8221;initial&#8221; background_position=&#8221;top_left&#8221; background_repeat=&#8221;repeat&#8221; text_orientation=&#8221;center&#8221; background_layout=&#8221;dark&#8221; max_width_tablet=&#8221;&#8221; max_width_phone=&#8221;300px&#8221; max_width_last_edited=&#8221;on|phone&#8221; module_alignment=&#8221;center&#8221; custom_css_main_element=&#8221;width:500px;&#8221; use_border_color=&#8221;off&#8221; border_color=&#8221;#ffffff&#8221; border_style=&#8221;solid&#8221; saved_tabs=&#8221;all&#8221; global_colors_info=&#8221;{}&#8221;]<\/p>\n<h1 style=\"text-align: center\">Formaci\u00f3n<\/h1>\n<p>[\/et_pb_text][\/et_pb_column][\/et_pb_row][\/et_pb_section][et_pb_section fb_built=&#8221;1&#8243; admin_label=&#8221;Secci\u00f3n&#8221; _builder_version=&#8221;4.16&#8243; global_colors_info=&#8221;{}&#8221;][et_pb_row admin_label=&#8221;Fila&#8221; _builder_version=&#8221;4.16&#8243; background_size=&#8221;initial&#8221; background_position=&#8221;top_left&#8221; background_repeat=&#8221;repeat&#8221; global_colors_info=&#8221;{}&#8221;][et_pb_column type=&#8221;4_4&#8243; _builder_version=&#8221;4.16&#8243; custom_padding=&#8221;|||&#8221; global_colors_info=&#8221;{}&#8221; custom_padding__hover=&#8221;|||&#8221;][et_pb_text admin_label=&#8221; ACTIVIDAD INVESTIGADORA&#8221; _builder_version=&#8221;4.17.4&#8243; header_2_font_size=&#8221;40px&#8221; background_size=&#8221;initial&#8221; background_position=&#8221;top_left&#8221; background_repeat=&#8221;repeat&#8221; text_orientation=&#8221;center&#8221; max_width_tablet=&#8221;&#8221; max_width_phone=&#8221;300px&#8221; max_width_last_edited=&#8221;on|desktop&#8221; module_alignment=&#8221;center&#8221; border_width_all=&#8221;1px&#8221; border_color_all=&#8221;#ff99cc&#8221; border_style_all=&#8221;solid&#8221; use_border_color=&#8221;on&#8221; border_color=&#8221;#ff99cc&#8221; border_style=&#8221;solid&#8221; saved_tabs=&#8221;all&#8221; global_colors_info=&#8221;{}&#8221;]<\/p>\n<h2><span style=\"color: #58445e\"><strong>OFERTA FORMATIVA: \u201cHOMBRES Y CORRESPONSABILIDAD\u201d<\/strong><\/span><\/h2>\n<p>[\/et_pb_text][et_pb_button button_url=&#8221;https:\/\/observatoriomasculinidad.umh.es\/files\/2023\/09\/CURSO-HOMBRES-Y-CORRESPONSABILIDAD.pdf&#8221; url_new_window=&#8221;on&#8221; button_text=&#8221;CURSO HOMBRES Y CORRESPONSABILIDAD&#8221; _builder_version=&#8221;4.17.4&#8243; _module_preset=&#8221;default&#8221; global_colors_info=&#8221;{}&#8221;][\/et_pb_button][et_pb_text admin_label=&#8221;Texto&#8221; _builder_version=&#8221;4.17.4&#8243; background_size=&#8221;initial&#8221; background_position=&#8221;top_left&#8221; background_repeat=&#8221;repeat&#8221; hover_enabled=&#8221;0&#8243; use_border_color=&#8221;off&#8221; border_color=&#8221;#ffffff&#8221; border_style=&#8221;solid&#8221; global_colors_info=&#8221;{}&#8221; sticky_enabled=&#8221;0&#8243;]<\/p>\n<p>Curso: \u201cHOMBRES Y CORRESPONSABILIDAD\u201d<\/p>\n<p>Matr\u00edcula: 150\u20ac (por persona)<br \/>Duraci\u00f3n: 25 horas Modalidad: 100% on-line<br \/>Fechas: 16 octubre al 11 de diciembre de 2023<br \/>Coordina:\u00a0Dra. Anastasia T\u00e9llez Infantes (UMH)<\/p>\n<p>Organiza:\u00a0OBSERVATORIO DE LAS MASCULINIDADES-ECULGE.<br \/>UNIVERSIDAD MIGUEL HERN\u00c1NDEZ DE ELCHE<br \/>Contacto: masculinidad@umh.es<br \/>Formulario de declaraci\u00f3n de inter\u00e9s:<\/p>\n<a href='https:\/\/forms.gle\/An7bUDmyyCudEr7R6' class='small-button smallpink' target=\"_blank\">FORMULARIO<\/a>\n<p>Desde el Observatorio de las Masculinidades del Grupo de Investigaci\u00f3nECULGE de la Universidad Miguel Hern\u00e1ndez de Elche os presentamos nuestra OFERTA FORMATIVA para personal del ayuntamiento en materia de igualdad de g\u00e9nero, corresponsabilidad y cuidados, destinada a los hombres.<\/p>\n<p>Esta propuesta de formaci\u00f3n universitaria permanente titulada \u201cHOMBRES Y CORRESPONSABILIDAD\u201d de 25 horas de duraci\u00f3n (2,5 ECTS) se impartir\u00e1 100% en modalidad online, desde el 16 de octubre al 11 de diciembre de 2023.<br \/>Este curso va destinado a hombres trabajadores de las administraciones locales y se centra en tem\u00e1ticas sobre igualdad, masculinidades, g\u00e9nero, cuidados y corresponsabilidad. El coste de la matr\u00edcula por cada alumno es de 150\u20ac.<\/p>\n<p><a href=\"https:\/\/observatoriomasculinidad.umh.es\/files\/2023\/09\/CURSO-HOMBRES-Y-CORRESPONSABILIDAD.pdf\" target=\"_blank\" rel=\"noopener\">Aqu\u00ed pod\u00e9is descargar la memoria detallada de este curso de formaci\u00f3n sobre \u201cHOMBRES y CORRESPONSABILIDAD\u201d.<\/a><\/p>\n<p>Si un Ayuntamiento est\u00e1 interesado en esta formaci\u00f3n, en relaci\u00f3n a las subvenciones que las administraciones locales han recibido para este a\u00f1o 2023 dentro del PLAN CORRESPONSABLES del Ministerio de Igualdad, que sali\u00f3 publicada el 20 de marzo de 2023 en el BOE N\u00fam. 67, Sec. III P\u00e1g. 41776- 41781 (donde cada ayuntamiento beneficiario ha de destinar al menos el 3% obligatoriamente -antes de que finalice 2023- a \u201cplanes de formaci\u00f3n en corresponsabilidad y cuidados destinados a los hombres\u201d) nos lo puede comunicar rellenando este formulario:<\/p>\n<a href='https:\/\/forms.gle\/An7bUDmyyCudEr7R6' class='small-button smallpink' target=\"_blank\">FORMULARIO<\/a>\n<p>Es imprescindible que nos dig\u00e1is a trav\u00e9s del formulario el presupuesto con el que cont\u00e1is para el c\u00e1lculo de matr\u00edculas\/alumnos y agilizar el tema, dadas las fechas, pues el periodo de matriculaci\u00f3n comienza el 30 de septiembre y finaliza el 9 de octubre de 2023. La matriculaci\u00f3n del alumnado ha de hacerse por la web de la universidad desde cada ayuntamiento.<\/p>\n<p>Anastasia T\u00e9llez<br \/>Directora del Observatorio de las Masculinidades<br \/>Coordinadora del Curso \u201cHombres y Corresponsabilidad\u201d<br \/>Universidad Miguel Hern\u00e1ndez de Elche<\/p>\n<p>[\/et_pb_text][et_pb_button button_url=&#8221;https:\/\/observatoriomasculinidad.umh.es\/files\/2023\/09\/CURSO-HOMBRES-Y-CORRESPONSABILIDAD.pdf&#8221; url_new_window=&#8221;on&#8221; button_text=&#8221;CURSO HOMBRES Y CORRESPONSABILIDAD&#8221; _builder_version=&#8221;4.17.4&#8243; _module_preset=&#8221;default&#8221; global_colors_info=&#8221;{}&#8221;][\/et_pb_button][\/et_pb_column][\/et_pb_row][\/et_pb_section]<\/p>\n","protected":false},"excerpt":{"rendered":"<p>Formaci\u00f3nOFERTA FORMATIVA: \u201cHOMBRES Y CORRESPONSABILIDAD\u201dCurso: \u201cHOMBRES Y CORRESPONSABILIDAD\u201d Matr\u00edcula: 150\u20ac (por persona)Duraci\u00f3n: 25 horas Modalidad: 100% on-lineFechas: 16 octubre al 11 de diciembre de 2023Coordina:\u00a0Dra. Anastasia T\u00e9llez Infantes (UMH) Organiza:\u00a0OBSERVATORIO DE LAS MASCULINIDADES-ECULGE.UNIVERSIDAD MIGUEL HERN\u00c1NDEZ DE ELCHEContacto: masculinidad@umh.esFormulario de declaraci\u00f3n de inter\u00e9s: <a href='https:\/\/forms.gle\/An7bUDmyyCudEr7R6' class='small-button smallpink' target=\"_blank\">FORMULARIO<\/a> Desde el Observatorio de las Masculinidades del Grupo [&hellip;]<\/p>\n","protected":false},"author":16034,"featured_media":0,"parent":0,"menu_order":0,"comment_status":"closed","ping_status":"closed","template":"","meta":{"_et_pb_use_builder":"on","_et_pb_old_content":"","_et_gb_content_width":"","_links_to":"","_links_to_target":""},"_links":{"self":[{"href":"https:\/\/observatoriomasculinidad.umh.es\/en\/wp-json\/wp\/v2\/pages\/4078"}],"collection":[{"href":"https:\/\/observatoriomasculinidad.umh.es\/en\/wp-json\/wp\/v2\/pages"}],"about":[{"href":"https:\/\/observatoriomasculinidad.umh.es\/en\/wp-json\/wp\/v2\/types\/page"}],"author":[{"embeddable":true,"href":"https:\/\/observatoriomasculinidad.umh.es\/en\/wp-json\/wp\/v2\/users\/16034"}],"replies":[{"embeddable":true,"href":"https:\/\/observatoriomasculinidad.umh.es\/en\/wp-json\/wp\/v2\/comments?post=4078"}],"version-history":[{"count":0,"href":"https:\/\/observatoriomasculinidad.umh.es\/en\/wp-json\/wp\/v2\/pages\/4078\/revisions"}],"wp:attachment":[{"href":"https:\/\/observatoriomasculinidad.umh.es\/en\/wp-json\/wp\/v2\/media?parent=4078"}],"curies":[{"name":"wp","href":"https:\/\/api.w.org\/{rel}","templated":true}]}}