{"id":3434,"date":"2022-07-06T09:35:11","date_gmt":"2022-07-06T08:35:11","guid":{"rendered":"https:\/\/observatoriomasculinidad.umh.es\/?page_id=3434"},"modified":"2022-07-06T09:38:10","modified_gmt":"2022-07-06T08:38:10","slug":"politica-proteccion-datos","status":"publish","type":"page","link":"https:\/\/observatoriomasculinidad.umh.es\/en\/politica-proteccion-datos\/","title":{"rendered":"Pol\u00edtica de protecci\u00f3n de datos"},"content":{"rendered":"<p><strong>PROTECCI\u00d3N DE DATOS DE CAR\u00c1CTER PERSONAL<\/strong><br \/>\nDe conformidad con lo establecido en el Reglamento (UE) 2016\/679 y Ley Org\u00e1nica 3\/2018 de Protecci\u00f3n de Datos Personales y Garant\u00eda de derechos digitales<\/p>\n<p><strong>RESPONSABLE DEL TRATAMIENTO<\/strong><br \/>\nUniversidad Miguel Hern\u00e1ndez de Elche (en adelante, UMH)- Secretaria General\u00a0CIF: Q-5350015-C<br \/>\nDirecci\u00f3n postal: Avda. de la Universidad s\/n, 03202 ELCHE (Alicante)<br \/>\nContacto de la delegada de protecci\u00f3n de datos: dpd@umh.es<\/p>\n<p><strong>RESPONSABLE INTERNO<\/strong><br \/>\nLa UMH, como Responsable del tratamiento de los datos personales del tratamiento le informa que estos datos ser\u00e1n tratados de conformidad con lo dispuesto en el Reglamento (UE) 2016\/679 de 27 de abril (RGPD) y la Ley Org\u00e1nica 3\/2018 de 5 de diciembre (LOPDGDD), por lo que se le facilita la siguiente informaci\u00f3n del tratamiento:<\/p>\n<p><strong>FINALIDAD DEL TRATAMIENTO Y BASE JUR\u00cdDICA<\/strong><\/p>\n<p><strong>01 Finalidad<\/strong><br \/>\nEnviar informaci\u00f3n relativa a las actividades que se realizan desde el Observatorio de las Masculinidades UMH.<\/p>\n<p><strong>01 Base jur\u00eddica<\/strong><\/p>\n<p>Art. 6.1.a) RGPD: consentimiento expreso.<\/p>\n<p><strong>01 Obligaci\u00f3n o no de facilitar datos y consecuencias de no hacerlo.<\/strong><br \/>\nNo aportar los datos solicitados imposibilitar\u00e1 cumplir con la finalidad o finalidades del tratamiento.<\/p>\n<p><strong>DECISIONES AUTOMATIZADAS, PERFILES Y L\u00d3GICA APLICADA<\/strong><br \/>\nLos datos no se utilizar\u00e1n para decisiones automatizadas ni para la elaboraci\u00f3n de perfiles.<\/p>\n<p><strong>DESTINATARIOS<\/strong><br \/>\nNo est\u00e1n previstos<\/p>\n<p><strong>TRANSFERENCIAS INTERNACIONALES DE DATOS<\/strong><br \/>\nNo est\u00e1n previstas<\/p>\n<p><strong>PERIODOS DE CONSERVACI\u00d3N DE LOS DATOS<\/strong><br \/>\nSe conservar\u00e1n durante el tiempo que sea necesario para cumplir con la finalidad para la que se recabaron y para determinar las posibles responsabilidades que se pudieran derivar de dicha finalidad y del tratamiento de los datos.<\/p>\n<p><strong>DERECHOS<\/strong><br \/>\nEl interesado podr\u00e1 ejercitar sus derechos de acceso, rectificaci\u00f3n, oposici\u00f3n, supresi\u00f3n, portabilidad y limitaci\u00f3n del tratamiento, as\u00ed como, a no ser objeto de decisiones basadas \u00fanicamente en el tratamiento automatizado de sus datos, para ello se deber\u00e1 dirigir mediante solicitud dirigida a la atenci\u00f3n de Secretaria General de la UMH, Edificio Rectorado y Consejo Social, Avda. de la Universidad S\/N, 03202, Elche-Alicante, o bien a trav\u00e9s de sede electr\u00f3nica https:\/\/sede.umh.es\/. Para cualquier consideraci\u00f3n adicional se puede poner en contacto con la delegada de protecci\u00f3n de datos: dpd@umh.es. Asimismo, el interesado tiene derecho a presentar una reclamaci\u00f3n ante la Autoridad de control (www.aepd.es) si considera que el tratamiento no se ajusta a la normativa vigente.<\/p>\n<p><strong>ORIGEN DE DATOS<\/strong><br \/>\nLos datos personales objeto de tratamiento son los que usted mismo nos ha facilitado<\/p>\n<p><strong>CATEGORIA DE DATOS<\/strong><br \/>\nDatos identificativos: Nombre, apellidos y direcci\u00f3n de correo electr\u00f3nico.<\/p>\n","protected":false},"excerpt":{"rendered":"<p>PROTECCI\u00d3N DE DATOS DE CAR\u00c1CTER PERSONAL De conformidad con lo establecido en el Reglamento (UE) 2016\/679 y Ley Org\u00e1nica 3\/2018 de Protecci\u00f3n de Datos Personales y Garant\u00eda de derechos digitales RESPONSABLE DEL TRATAMIENTO Universidad Miguel Hern\u00e1ndez de Elche (en adelante, UMH)- Secretaria General\u00a0CIF: Q-5350015-C Direcci\u00f3n postal: Avda. de la Universidad s\/n, 03202 ELCHE (Alicante) Contacto [&hellip;]<\/p>\n","protected":false},"author":1159,"featured_media":0,"parent":0,"menu_order":0,"comment_status":"closed","ping_status":"closed","template":"","meta":{"_et_pb_use_builder":"","_et_pb_old_content":"","_et_gb_content_width":"","_links_to":"","_links_to_target":""},"_links":{"self":[{"href":"https:\/\/observatoriomasculinidad.umh.es\/en\/wp-json\/wp\/v2\/pages\/3434"}],"collection":[{"href":"https:\/\/observatoriomasculinidad.umh.es\/en\/wp-json\/wp\/v2\/pages"}],"about":[{"href":"https:\/\/observatoriomasculinidad.umh.es\/en\/wp-json\/wp\/v2\/types\/page"}],"author":[{"embeddable":true,"href":"https:\/\/observatoriomasculinidad.umh.es\/en\/wp-json\/wp\/v2\/users\/1159"}],"replies":[{"embeddable":true,"href":"https:\/\/observatoriomasculinidad.umh.es\/en\/wp-json\/wp\/v2\/comments?post=3434"}],"version-history":[{"count":0,"href":"https:\/\/observatoriomasculinidad.umh.es\/en\/wp-json\/wp\/v2\/pages\/3434\/revisions"}],"wp:attachment":[{"href":"https:\/\/observatoriomasculinidad.umh.es\/en\/wp-json\/wp\/v2\/media?parent=3434"}],"curies":[{"name":"wp","href":"https:\/\/api.w.org\/{rel}","templated":true}]}}