{"id":133,"date":"2019-11-15T11:25:00","date_gmt":"2019-11-15T11:25:00","guid":{"rendered":"http:\/\/observatoriomasculinidad.umh.es\/?page_id=133"},"modified":"2022-06-23T08:35:51","modified_gmt":"2022-06-23T07:35:51","slug":"directorio-entidades","status":"publish","type":"page","link":"https:\/\/observatoriomasculinidad.umh.es\/en\/directorio-entidades\/","title":{"rendered":"Directorio Entidades"},"content":{"rendered":"<p>[et_pb_section fb_built=&#8221;1&#8243; admin_label=&#8221;section&#8221; _builder_version=&#8221;3.22&#8243; use_background_color_gradient=&#8221;on&#8221; background_image=&#8221;http:\/\/observatoriomasculinidad.umh.es\/files\/2018\/07\/imagen-congres-masc2-e1574862280282.jpg&#8221; custom_padding=&#8221;||150px|&#8221; transparent_background=&#8221;off&#8221; padding_mobile=&#8221;off&#8221; make_fullwidth=&#8221;off&#8221; use_custom_width=&#8221;off&#8221; width_unit=&#8221;on&#8221;][et_pb_row padding_mobile=&#8221;off&#8221; column_padding_mobile=&#8221;on&#8221; admin_label=&#8221;Fila&#8221; _builder_version=&#8221;3.25&#8243; background_size=&#8221;initial&#8221; background_position=&#8221;top_left&#8221; background_repeat=&#8221;repeat&#8221; custom_margin=&#8221;100px|||&#8221; make_fullwidth=&#8221;off&#8221; use_custom_width=&#8221;off&#8221; width_unit=&#8221;on&#8221;][et_pb_column type=&#8221;4_4&#8243; _builder_version=&#8221;3.25&#8243; custom_padding=&#8221;|||&#8221; custom_padding__hover=&#8221;|||&#8221;][et_pb_text admin_label=&#8221;Recursos&#8221; _builder_version=&#8221;4.2.2&#8243; background_color=&#8221;rgba(0,0,0,0.43)&#8221; background_size=&#8221;initial&#8221; background_position=&#8221;top_left&#8221; background_repeat=&#8221;repeat&#8221; text_orientation=&#8221;center&#8221; background_layout=&#8221;dark&#8221; module_alignment=&#8221;center&#8221; hover_enabled=&#8221;0&#8243; custom_css_main_element=&#8221;width:500px;&#8221; use_border_color=&#8221;off&#8221; border_color=&#8221;#ffffff&#8221; border_style=&#8221;solid&#8221; saved_tabs=&#8221;all&#8221; header_font_size=&#8221;45px&#8221;]<\/p>\n<h1 style=\"text-align: center\"><span style=\"color: #ffffff\"><a style=\"color: #ffffff\" href=\"http:\/\/observatoriomasculinidad.umh.es\/recursos\/\">Recursos<\/a><\/span><\/h1>\n<p>[\/et_pb_text][\/et_pb_column][\/et_pb_row][\/et_pb_section][et_pb_section fb_built=&#8221;1&#8243; admin_label=&#8221;section&#8221; _builder_version=&#8221;3.22&#8243;][et_pb_row admin_label=&#8221;row&#8221; _builder_version=&#8221;3.25&#8243; custom_padding=&#8221;||400px|&#8221;][et_pb_column type=&#8221;4_4&#8243; _builder_version=&#8221;3.25&#8243; custom_padding=&#8221;|||&#8221; custom_padding__hover=&#8221;|||&#8221;][et_pb_text admin_label=&#8221; ENTIDADES COLABORADORAS&#8221; _builder_version=&#8221;4.2.2&#8243; text_text_color=&#8221;#58445e&#8221; text_font_size=&#8221;13&#8243; text_line_height=&#8221;1.5em&#8221; header_2_font_size=&#8221;40px&#8221; background_size=&#8221;initial&#8221; background_position=&#8221;top_left&#8221; background_repeat=&#8221;repeat&#8221; text_orientation=&#8221;center&#8221; module_alignment=&#8221;center&#8221; border_width_all=&#8221;1px&#8221; border_color_all=&#8221;#ff99cc&#8221; border_style_all=&#8221;solid&#8221; use_border_color=&#8221;on&#8221; border_color=&#8221;#ff99cc&#8221; border_style=&#8221;solid&#8221; saved_tabs=&#8221;all&#8221;]<\/p>\n<h2><span style=\"color: #58445e\"><strong>\u00a0ENTIDADES COLABORADORAS<br \/> <\/strong><\/span><\/h2>\n<p>[\/et_pb_text][et_pb_team_member name=&#8221;EN CONSTRUCCI\u00d3N&#8221; position=&#8221;Red o Asociaci\u00f3n En Construcci\u00f3n&#8221; image_url=&#8221;http:\/\/observatoriomasculinidad.umh.es\/files\/2019\/11\/PaginaEnConstruccion.png&#8221; facebook_url=&#8221;https:\/\/www.facebook.com\/&#8221; twitter_url=&#8221;@TWITTER&#8221; admin_label=&#8221;En Construcci\u00f3n&#8221; _builder_version=&#8221;3.0.87&#8243; background_size=&#8221;initial&#8221; background_position=&#8221;top_left&#8221; background_repeat=&#8221;repeat&#8221; use_border_color=&#8221;off&#8221; border_color=&#8221;#ffffff&#8221; border_style=&#8221;solid&#8221; saved_tabs=&#8221;all&#8221;]DESCRIPCI\u00d3N: Sed ut perspiciatis unde omnis iste natus error sit voluptatem accusantium doloremque laudantium, totam rem aperiam, eaque ipsa quae ab illo inventore veritatis et quasi architecto beatae vitae dicta sunt explicabo. Nemo enim ipsam voluptatem quia voluptas sit aspernatur aut odit aut fugit, sed quia consequuntur magni dolores eos qui ratione voluptatem sequi nesciunt. Neque porro quisquam est, qui dolorem ipsum quia dolor sit amet, consectetur, adipisci velit, sed quia non numquam eius modi tempora incidunt ut labore et dolore magnam aliquam quaerat voluptatem. Ut enim ad minima veniam, quis nostrum exercitationem ullam corporis suscipit laboriosam, nisi ut aliquid ex ea commodi consequatur? Quis autem vel eum iure reprehenderit qui in ea voluptate velit esse quam nihil molestiae consequatur, vel illum qui dolorem eum fugiat quo voluptas nulla pariatur?<\/p>\n<p>SITUACI\u00d3N ACTUAL: Neque porro quisquam est.<\/p>\n<p>CONTACTO:\u00a0info@enconstrucci\u00f3n.nocontactes.es<br \/>\n[\/et_pb_team_member][et_pb_text admin_label=&#8221;CENTROS DE INVESTIGACI\u00d3N EN ESTUDIOS DE MASCULINIDADES&#8221; _builder_version=&#8221;4.2.2&#8243; text_text_color=&#8221;#58445e&#8221; text_font_size=&#8221;13&#8243; text_line_height=&#8221;1.5em&#8221; header_2_font_size=&#8221;40px&#8221; background_size=&#8221;initial&#8221; background_position=&#8221;top_left&#8221; background_repeat=&#8221;repeat&#8221; text_orientation=&#8221;center&#8221; module_alignment=&#8221;center&#8221; border_width_all=&#8221;1px&#8221; border_color_all=&#8221;#ff99cc&#8221; border_style_all=&#8221;solid&#8221; use_border_color=&#8221;on&#8221; border_color=&#8221;#ff99cc&#8221; border_style=&#8221;solid&#8221; saved_tabs=&#8221;all&#8221;]<\/p>\n<h2><span style=\"color: #58445e\"><strong>CENTROS DE INVESTIGACI\u00d3N EN ESTUDIOS DE MASCULINIDADES<br \/> <\/strong><\/span><\/h2>\n<p>[\/et_pb_text][et_pb_team_member name=&#8221;EN CONSTRUCCI\u00d3N&#8221; position=&#8221;Red o Asociaci\u00f3n En Construcci\u00f3n&#8221; image_url=&#8221;http:\/\/observatoriomasculinidad.umh.es\/files\/2019\/11\/PaginaEnConstruccion.png&#8221; facebook_url=&#8221;https:\/\/www.facebook.com\/&#8221; twitter_url=&#8221;@TWITTER&#8221; admin_label=&#8221;En Construcci\u00f3n&#8221; _builder_version=&#8221;3.0.87&#8243; background_size=&#8221;initial&#8221; background_position=&#8221;top_left&#8221; background_repeat=&#8221;repeat&#8221; use_border_color=&#8221;off&#8221; border_color=&#8221;#ffffff&#8221; border_style=&#8221;solid&#8221; saved_tabs=&#8221;all&#8221;]DESCRIPCI\u00d3N: Sed ut perspiciatis unde omnis iste natus error sit voluptatem accusantium doloremque laudantium, totam rem aperiam, eaque ipsa quae ab illo inventore veritatis et quasi architecto beatae vitae dicta sunt explicabo. Nemo enim ipsam voluptatem quia voluptas sit aspernatur aut odit aut fugit, sed quia consequuntur magni dolores eos qui ratione voluptatem sequi nesciunt. Neque porro quisquam est, qui dolorem ipsum quia dolor sit amet, consectetur, adipisci velit, sed quia non numquam eius modi tempora incidunt ut labore et dolore magnam aliquam quaerat voluptatem. Ut enim ad minima veniam, quis nostrum exercitationem ullam corporis suscipit laboriosam, nisi ut aliquid ex ea commodi consequatur? Quis autem vel eum iure reprehenderit qui in ea voluptate velit esse quam nihil molestiae consequatur, vel illum qui dolorem eum fugiat quo voluptas nulla pariatur?<\/p>\n<p>SITUACI\u00d3N ACTUAL: Neque porro quisquam est.<\/p>\n<p>CONTACTO:\u00a0info@enconstrucci\u00f3n.nocontactes.es<br \/>\n[\/et_pb_team_member][et_pb_text admin_label=&#8221;CENTROS DE INVESTIGACI\u00d3N EN ESTUDIOS DE G\u00c9NERO&#8221; _builder_version=&#8221;4.2.2&#8243; text_text_color=&#8221;#58445e&#8221; text_font_size=&#8221;13&#8243; text_line_height=&#8221;1.5em&#8221; header_2_font_size=&#8221;40px&#8221; background_size=&#8221;initial&#8221; background_position=&#8221;top_left&#8221; background_repeat=&#8221;repeat&#8221; text_orientation=&#8221;center&#8221; module_alignment=&#8221;center&#8221; border_width_all=&#8221;1px&#8221; border_color_all=&#8221;#ff99cc&#8221; border_style_all=&#8221;solid&#8221; use_border_color=&#8221;on&#8221; border_color=&#8221;#ff99cc&#8221; border_style=&#8221;solid&#8221; saved_tabs=&#8221;all&#8221;]<\/p>\n<h2><span style=\"color: #58445e\"><strong>CENTROS DE INVESTIGACI\u00d3N EN ESTUDIOS DE G\u00c9NERO<br \/> <\/strong><\/span><\/h2>\n<p>[\/et_pb_text][et_pb_team_member name=&#8221;EN CONSTRUCCI\u00d3N&#8221; position=&#8221;Red o Asociaci\u00f3n En Construcci\u00f3n&#8221; image_url=&#8221;http:\/\/observatoriomasculinidad.umh.es\/files\/2019\/11\/PaginaEnConstruccion.png&#8221; facebook_url=&#8221;https:\/\/www.facebook.com\/&#8221; twitter_url=&#8221;@TWITTER&#8221; admin_label=&#8221;En Construcci\u00f3n&#8221; _builder_version=&#8221;3.0.87&#8243; background_size=&#8221;initial&#8221; background_position=&#8221;top_left&#8221; background_repeat=&#8221;repeat&#8221; use_border_color=&#8221;off&#8221; border_color=&#8221;#ffffff&#8221; border_style=&#8221;solid&#8221; saved_tabs=&#8221;all&#8221;]DESCRIPCI\u00d3N: Sed ut perspiciatis unde omnis iste natus error sit voluptatem accusantium doloremque laudantium, totam rem aperiam, eaque ipsa quae ab illo inventore veritatis et quasi architecto beatae vitae dicta sunt explicabo. Nemo enim ipsam voluptatem quia voluptas sit aspernatur aut odit aut fugit, sed quia consequuntur magni dolores eos qui ratione voluptatem sequi nesciunt. Neque porro quisquam est, qui dolorem ipsum quia dolor sit amet, consectetur, adipisci velit, sed quia non numquam eius modi tempora incidunt ut labore et dolore magnam aliquam quaerat voluptatem. Ut enim ad minima veniam, quis nostrum exercitationem ullam corporis suscipit laboriosam, nisi ut aliquid ex ea commodi consequatur? Quis autem vel eum iure reprehenderit qui in ea voluptate velit esse quam nihil molestiae consequatur, vel illum qui dolorem eum fugiat quo voluptas nulla pariatur?<\/p>\n<p>SITUACI\u00d3N ACTUAL: Neque porro quisquam est.<\/p>\n<p>CONTACTO:\u00a0info@enconstrucci\u00f3n.nocontactes.es<br \/>\n[\/et_pb_team_member][et_pb_text admin_label=&#8221;OTRAS ENTIDADES&#8221; _builder_version=&#8221;4.2.2&#8243; text_text_color=&#8221;#58445e&#8221; text_font_size=&#8221;13&#8243; text_line_height=&#8221;1.5em&#8221; header_2_font_size=&#8221;40px&#8221; background_size=&#8221;initial&#8221; background_position=&#8221;top_left&#8221; background_repeat=&#8221;repeat&#8221; text_orientation=&#8221;center&#8221; module_alignment=&#8221;center&#8221; border_width_all=&#8221;1px&#8221; border_color_all=&#8221;#ff99cc&#8221; border_style_all=&#8221;solid&#8221; use_border_color=&#8221;on&#8221; border_color=&#8221;#ff99cc&#8221; border_style=&#8221;solid&#8221; saved_tabs=&#8221;all&#8221;]<\/p>\n<h2><span style=\"color: #58445e\"><strong>OTRAS ENTIDADES<br \/> <\/strong><\/span><\/h2>\n<p>[\/et_pb_text][et_pb_team_member name=&#8221;EN CONSTRUCCI\u00d3N&#8221; position=&#8221;Red o Asociaci\u00f3n En Construcci\u00f3n&#8221; image_url=&#8221;http:\/\/observatoriomasculinidad.umh.es\/files\/2019\/11\/PaginaEnConstruccion.png&#8221; facebook_url=&#8221;https:\/\/www.facebook.com\/&#8221; twitter_url=&#8221;@TWITTER&#8221; admin_label=&#8221;En Construcci\u00f3n&#8221; _builder_version=&#8221;3.0.87&#8243; background_size=&#8221;initial&#8221; background_position=&#8221;top_left&#8221; background_repeat=&#8221;repeat&#8221; use_border_color=&#8221;off&#8221; border_color=&#8221;#ffffff&#8221; border_style=&#8221;solid&#8221; saved_tabs=&#8221;all&#8221;]DESCRIPCI\u00d3N: Sed ut perspiciatis unde omnis iste natus error sit voluptatem accusantium doloremque laudantium, totam rem aperiam, eaque ipsa quae ab illo inventore veritatis et quasi architecto beatae vitae dicta sunt explicabo. Nemo enim ipsam voluptatem quia voluptas sit aspernatur aut odit aut fugit, sed quia consequuntur magni dolores eos qui ratione voluptatem sequi nesciunt. Neque porro quisquam est, qui dolorem ipsum quia dolor sit amet, consectetur, adipisci velit, sed quia non numquam eius modi tempora incidunt ut labore et dolore magnam aliquam quaerat voluptatem. Ut enim ad minima veniam, quis nostrum exercitationem ullam corporis suscipit laboriosam, nisi ut aliquid ex ea commodi consequatur? Quis autem vel eum iure reprehenderit qui in ea voluptate velit esse quam nihil molestiae consequatur, vel illum qui dolorem eum fugiat quo voluptas nulla pariatur?<\/p>\n<p>SITUACI\u00d3N ACTUAL: Neque porro quisquam est.<\/p>\n<p>CONTACTO:\u00a0info@enconstrucci\u00f3n.nocontactes.es<br \/>\n[\/et_pb_team_member][\/et_pb_column][\/et_pb_row][\/et_pb_section]<\/p>\n","protected":false},"excerpt":{"rendered":"<p>Recursos \u00a0ENTIDADES COLABORADORAS DESCRIPCI\u00d3N: Sed ut perspiciatis unde omnis iste natus error sit voluptatem accusantium doloremque laudantium, totam rem aperiam, eaque ipsa quae ab illo inventore veritatis et quasi architecto beatae vitae dicta sunt explicabo. Nemo enim ipsam voluptatem quia voluptas sit aspernatur aut odit aut fugit, sed quia consequuntur magni dolores eos qui ratione [&hellip;]<\/p>\n","protected":false},"author":17008,"featured_media":0,"parent":0,"menu_order":0,"comment_status":"open","ping_status":"open","template":"","meta":{"_et_pb_use_builder":"on","_et_pb_old_content":"","_et_gb_content_width":"","_links_to":"","_links_to_target":""},"_links":{"self":[{"href":"https:\/\/observatoriomasculinidad.umh.es\/en\/wp-json\/wp\/v2\/pages\/133"}],"collection":[{"href":"https:\/\/observatoriomasculinidad.umh.es\/en\/wp-json\/wp\/v2\/pages"}],"about":[{"href":"https:\/\/observatoriomasculinidad.umh.es\/en\/wp-json\/wp\/v2\/types\/page"}],"author":[{"embeddable":true,"href":"https:\/\/observatoriomasculinidad.umh.es\/en\/wp-json\/wp\/v2\/users\/17008"}],"replies":[{"embeddable":true,"href":"https:\/\/observatoriomasculinidad.umh.es\/en\/wp-json\/wp\/v2\/comments?post=133"}],"version-history":[{"count":0,"href":"https:\/\/observatoriomasculinidad.umh.es\/en\/wp-json\/wp\/v2\/pages\/133\/revisions"}],"wp:attachment":[{"href":"https:\/\/observatoriomasculinidad.umh.es\/en\/wp-json\/wp\/v2\/media?parent=133"}],"curies":[{"name":"wp","href":"https:\/\/api.w.org\/{rel}","templated":true}]}}