{"id":42,"date":"2018-07-25T12:21:24","date_gmt":"2018-07-25T12:21:24","guid":{"rendered":"http:\/\/n3centrosinvestigacion.edu-desarrollo.umh.es\/?page_id=33"},"modified":"2022-06-22T11:43:33","modified_gmt":"2022-06-22T10:43:33","slug":"investigacion","status":"publish","type":"page","link":"https:\/\/observatoriomasculinidad.umh.es\/ca\/recursos\/investigacion\/","title":{"rendered":"Investigaci\u00f3n"},"content":{"rendered":"<p>[et_pb_section fb_built=&#8221;1&#8243; admin_label=&#8221;section&#8221; _builder_version=&#8221;3.22&#8243; use_background_color_gradient=&#8221;on&#8221; background_image=&#8221;http:\/\/observatoriomasculinidad.umh.es\/files\/2018\/07\/imagen-congres-masc2-e1574862280282.jpg&#8221; custom_padding=&#8221;||150px|&#8221; transparent_background=&#8221;off&#8221; padding_mobile=&#8221;off&#8221; make_fullwidth=&#8221;off&#8221; use_custom_width=&#8221;off&#8221; width_unit=&#8221;on&#8221;][et_pb_row padding_mobile=&#8221;off&#8221; column_padding_mobile=&#8221;on&#8221; admin_label=&#8221;Fila&#8221; _builder_version=&#8221;3.25&#8243; background_size=&#8221;initial&#8221; background_position=&#8221;top_left&#8221; background_repeat=&#8221;repeat&#8221; custom_margin=&#8221;100px|||&#8221; make_fullwidth=&#8221;off&#8221; use_custom_width=&#8221;off&#8221; width_unit=&#8221;on&#8221;][et_pb_column type=&#8221;4_4&#8243; _builder_version=&#8221;3.25&#8243; custom_padding=&#8221;|||&#8221; custom_padding__hover=&#8221;|||&#8221;][et_pb_text admin_label=&#8221;Investigaci\u00f3n&#8221; _builder_version=&#8221;4.2.2&#8243; background_color=&#8221;rgba(0,0,0,0.43)&#8221; background_size=&#8221;initial&#8221; background_position=&#8221;top_left&#8221; background_repeat=&#8221;repeat&#8221; text_orientation=&#8221;center&#8221; background_layout=&#8221;dark&#8221; module_alignment=&#8221;center&#8221; hover_enabled=&#8221;0&#8243; custom_css_main_element=&#8221;width:500px;&#8221; use_border_color=&#8221;off&#8221; border_color=&#8221;#ffffff&#8221; border_style=&#8221;solid&#8221; header_font_size=&#8221;45px&#8221;]<\/p>\n<h1 style=\"text-align: center\">Investigaci\u00f3n<\/h1>\n<p>[\/et_pb_text][\/et_pb_column][\/et_pb_row][\/et_pb_section][et_pb_section fb_built=&#8221;1&#8243; admin_label=&#8221;Secci\u00f3n&#8221; _builder_version=&#8221;3.22&#8243;][et_pb_row admin_label=&#8221;Fila&#8221; _builder_version=&#8221;3.25&#8243; background_size=&#8221;initial&#8221; background_position=&#8221;top_left&#8221; background_repeat=&#8221;repeat&#8221;][et_pb_column type=&#8221;4_4&#8243; _builder_version=&#8221;3.25&#8243; custom_padding=&#8221;|||&#8221; custom_padding__hover=&#8221;|||&#8221;][et_pb_text admin_label=&#8221;Recursos-Investigaci\u00f3n&#8221; _builder_version=&#8221;3.27.4&#8243; background_size=&#8221;initial&#8221; background_position=&#8221;top_left&#8221; background_repeat=&#8221;repeat&#8221; text_orientation=&#8221;justified&#8221; use_border_color=&#8221;off&#8221; border_color=&#8221;#ffffff&#8221; border_style=&#8221;solid&#8221;]<\/p>\n<p style=\"text-align: justify\">En esta <a title=\"recursos\" href=\"http:\/\/observatoriomasculinidad.umh.es\/recursos\/\"><strong>zona de recursos<\/strong><\/a> del <strong><a title=\"Inicio\" href=\"http:\/\/observatoriomasculinidad.umh.es\/\">Observatorio<\/a> <\/strong>puedes encontrar la informaci\u00f3n que vamos recogiendo sobre Proyectos de investigaci\u00f3n; Impulso y soporte de grupos de investigaci\u00f3n; Tesis doctorales; Trabajos final de m\u00e1ster y final de grado.<\/p>\n<p style=\"text-align: justify\">Si quieres facilitar informaci\u00f3n sobre cualquier recurso relacionado con la investigaci\u00f3n que sea de inter\u00e9s y que eches en falta en el Observatorio, puedes enviar un correo a <strong><a href=\"mailto:masculinidad@umh.es\" target=\"_blank\" rel=\"noopener\">masculinidad@umh.es<\/a><\/strong> con la informaci\u00f3n pertinente.<\/p>\n<p>[\/et_pb_text][\/et_pb_column][\/et_pb_row][\/et_pb_section][et_pb_section fb_built=&#8221;1&#8243; admin_label=&#8221;Secci\u00f3n&#8221; _builder_version=&#8221;3.22&#8243;][et_pb_row padding_mobile=&#8221;off&#8221; column_padding_mobile=&#8221;on&#8221; admin_label=&#8221;Fila&#8221; _builder_version=&#8221;3.25&#8243; background_size=&#8221;initial&#8221; background_position=&#8221;top_left&#8221; background_repeat=&#8221;repeat&#8221; make_fullwidth=&#8221;off&#8221; use_custom_width=&#8221;off&#8221; width_unit=&#8221;on&#8221;][et_pb_column type=&#8221;4_4&#8243; _builder_version=&#8221;3.25&#8243; custom_padding=&#8221;|||&#8221; custom_padding__hover=&#8221;|||&#8221;][et_pb_blurb title=&#8221;Investigaci\u00f3n&#8221; url=&#8221;http:\/\/observatoriomasculinidad.umh.es\/category\/actividad_investigadora\/&#8221; use_icon=&#8221;on&#8221; font_icon=&#8221;%%273%%&#8221; icon_color=&#8221;#ff99cc&#8221; admin_label=&#8221;RR_Act.Investigadora&#8221; _builder_version=&#8221;3.0.87&#8243; background_size=&#8221;initial&#8221; background_position=&#8221;top_left&#8221; background_repeat=&#8221;repeat&#8221; text_orientation=&#8221;center&#8221; animation=&#8221;off&#8221; use_border_color=&#8221;off&#8221; border_color=&#8221;#ffffff&#8221; border_style=&#8221;solid&#8221; global_module=&#8221;2213&#8243; saved_tabs=&#8221;all&#8221;]<\/p>\n<p style=\"text-align: justify\">Proyectos de investigaci\u00f3n; Impulso y soporte de grupos de investigaci\u00f3n; Tesis doctorales; Trabajos final de m\u00e1ster y final de grado.<\/p>\n<p>[\/et_pb_blurb][\/et_pb_column][\/et_pb_row][\/et_pb_section][et_pb_section fb_built=&#8221;1&#8243; admin_label=&#8221;Secci\u00f3n&#8221; _builder_version=&#8221;3.22&#8243;][et_pb_row admin_label=&#8221;Fila&#8221; _builder_version=&#8221;3.25&#8243; background_size=&#8221;initial&#8221; background_position=&#8221;top_left&#8221; background_repeat=&#8221;repeat&#8221;][et_pb_column type=&#8221;4_4&#8243; _builder_version=&#8221;3.25&#8243; custom_padding=&#8221;|||&#8221; custom_padding__hover=&#8221;|||&#8221;][et_pb_blog fullwidth=&#8221;off&#8221; posts_number=&#8221;30&#8243; include_categories=&#8221;28,106,30,105,108,107&#8243; show_comments=&#8221;on&#8221; admin_label=&#8221;Blog&#8221; _builder_version=&#8221;4.2.2&#8243; hover_enabled=&#8221;0&#8243; custom_css_main_element=&#8221;||&#8221; use_border_color=&#8221;off&#8221; border_color=&#8221;#ffffff&#8221; border_style=&#8221;solid&#8221; use_dropshadow=&#8221;off&#8221;][\/et_pb_blog][\/et_pb_column][\/et_pb_row][\/et_pb_section]<\/p>\n","protected":false},"excerpt":{"rendered":"<p>Investigaci\u00f3n En esta zona de recursos del Observatorio puedes encontrar la informaci\u00f3n que vamos recogiendo sobre Proyectos de investigaci\u00f3n; Impulso y soporte de grupos de investigaci\u00f3n; Tesis doctorales; Trabajos final de m\u00e1ster y final de grado. Si quieres facilitar informaci\u00f3n sobre cualquier recurso relacionado con la investigaci\u00f3n que sea de inter\u00e9s y que eches en [&hellip;]<\/p>\n","protected":false},"author":17008,"featured_media":0,"parent":2082,"menu_order":0,"comment_status":"closed","ping_status":"closed","template":"","meta":{"_et_pb_use_builder":"on","_et_pb_old_content":"","_et_gb_content_width":"","_links_to":"","_links_to_target":""},"_links":{"self":[{"href":"https:\/\/observatoriomasculinidad.umh.es\/ca\/wp-json\/wp\/v2\/pages\/42"}],"collection":[{"href":"https:\/\/observatoriomasculinidad.umh.es\/ca\/wp-json\/wp\/v2\/pages"}],"about":[{"href":"https:\/\/observatoriomasculinidad.umh.es\/ca\/wp-json\/wp\/v2\/types\/page"}],"author":[{"embeddable":true,"href":"https:\/\/observatoriomasculinidad.umh.es\/ca\/wp-json\/wp\/v2\/users\/17008"}],"replies":[{"embeddable":true,"href":"https:\/\/observatoriomasculinidad.umh.es\/ca\/wp-json\/wp\/v2\/comments?post=42"}],"version-history":[{"count":0,"href":"https:\/\/observatoriomasculinidad.umh.es\/ca\/wp-json\/wp\/v2\/pages\/42\/revisions"}],"up":[{"embeddable":true,"href":"https:\/\/observatoriomasculinidad.umh.es\/ca\/wp-json\/wp\/v2\/pages\/2082"}],"wp:attachment":[{"href":"https:\/\/observatoriomasculinidad.umh.es\/ca\/wp-json\/wp\/v2\/media?parent=42"}],"curies":[{"name":"wp","href":"https:\/\/api.w.org\/{rel}","templated":true}]}}