{"id":2537,"date":"2021-02-19T22:50:49","date_gmt":"2021-02-19T21:50:49","guid":{"rendered":"http:\/\/observatoriomasculinidad.umh.es\/?page_id=2537"},"modified":"2023-10-19T16:02:35","modified_gmt":"2023-10-19T15:02:35","slug":"actividades","status":"publish","type":"page","link":"https:\/\/observatoriomasculinidad.umh.es\/ca\/recursos\/actividades\/","title":{"rendered":"Actividades"},"content":{"rendered":"<p>[et_pb_section fb_built=&#8221;1&#8243; admin_label=&#8221;section&#8221; _builder_version=&#8221;4.16&#8243; use_background_color_gradient=&#8221;on&#8221; background_image=&#8221;http:\/\/observatoriomasculinidad.umh.es\/files\/2018\/07\/imagen-congres-masc2-e1574862280282.jpg&#8221; custom_padding=&#8221;||150px|&#8221; transparent_background=&#8221;off&#8221; padding_mobile=&#8221;off&#8221; make_fullwidth=&#8221;off&#8221; use_custom_width=&#8221;off&#8221; width_unit=&#8221;on&#8221; global_colors_info=&#8221;{}&#8221;][et_pb_row padding_mobile=&#8221;off&#8221; column_padding_mobile=&#8221;on&#8221; admin_label=&#8221;Fila&#8221; _builder_version=&#8221;4.16&#8243; background_size=&#8221;initial&#8221; background_position=&#8221;top_left&#8221; background_repeat=&#8221;repeat&#8221; custom_margin=&#8221;100px|||&#8221; make_fullwidth=&#8221;off&#8221; use_custom_width=&#8221;off&#8221; width_unit=&#8221;on&#8221; global_colors_info=&#8221;{}&#8221;][et_pb_column type=&#8221;4_4&#8243; _builder_version=&#8221;4.16&#8243; custom_padding=&#8221;|||&#8221; global_colors_info=&#8221;{}&#8221; custom_padding__hover=&#8221;|||&#8221;][et_pb_text admin_label=&#8221;Texto&#8221; _builder_version=&#8221;4.16&#8243; header_font_size=&#8221;45px&#8221; background_color=&#8221;rgba(0,0,0,0.43)&#8221; background_size=&#8221;initial&#8221; background_position=&#8221;top_left&#8221; background_repeat=&#8221;repeat&#8221; text_orientation=&#8221;center&#8221; background_layout=&#8221;dark&#8221; module_alignment=&#8221;center&#8221; custom_css_main_element=&#8221;width:500px;&#8221; use_border_color=&#8221;off&#8221; border_color=&#8221;#ffffff&#8221; border_style=&#8221;solid&#8221; global_colors_info=&#8221;{}&#8221;]<\/p>\n<h1 style=\"text-align: center\">Actividades<\/h1>\n<p>[\/et_pb_text][\/et_pb_column][\/et_pb_row][\/et_pb_section][et_pb_section fb_built=&#8221;1&#8243; admin_label=&#8221;Secci\u00f3n&#8221; _builder_version=&#8221;4.16&#8243; global_colors_info=&#8221;{}&#8221;][et_pb_row admin_label=&#8221;Fila&#8221; _builder_version=&#8221;4.16&#8243; background_size=&#8221;initial&#8221; background_position=&#8221;top_left&#8221; background_repeat=&#8221;repeat&#8221; global_colors_info=&#8221;{}&#8221;][et_pb_column type=&#8221;4_4&#8243; _builder_version=&#8221;4.16&#8243; custom_padding=&#8221;|||&#8221; global_colors_info=&#8221;{}&#8221; custom_padding__hover=&#8221;|||&#8221;][et_pb_text admin_label=&#8221;Texto&#8221; _builder_version=&#8221;4.17.4&#8243; background_size=&#8221;initial&#8221; background_position=&#8221;top_left&#8221; background_repeat=&#8221;repeat&#8221; text_orientation=&#8221;justified&#8221; use_border_color=&#8221;off&#8221; border_color=&#8221;#ffffff&#8221; border_style=&#8221;solid&#8221; global_colors_info=&#8221;{}&#8221;]<\/p>\n<div class=\"et_pb_text et_pb_module et_pb_bg_layout_light et_pb_text_align_justified  et_pb_text_1\">\n<p>En esta <a title=\"recursos\" href=\"http:\/\/observatoriomasculinidad.umh.es\/recursos\/\"><strong>zona de recursos<\/strong><\/a> del <strong><a title=\"Inicio\" href=\"http:\/\/observatoriomasculinidad.umh.es\/\">Observatorio<\/a> <\/strong>puedes encontrar la informaci\u00f3n que vamos recogiendo sobre Jornadas, seminarios, simposios, congresos, convocatorias de becas, premios y otras\u2026<\/p>\n<p>Si quieres facilitar informaci\u00f3n sobre cualquier actividad de inter\u00e9s que eches en falta en el Observatorio puedes enviar un correo a <strong><a href=\"mailto:masculinidad@umh.es\" target=\"_blank\" rel=\"noopener\">masculinidad@umh.es<\/a><\/strong> con la informaci\u00f3n pertinente.<\/p>\n<\/div>\n<p>[\/et_pb_text][\/et_pb_column][\/et_pb_row][\/et_pb_section][et_pb_section fb_built=&#8221;1&#8243; admin_label=&#8221;Secci\u00f3n&#8221; _builder_version=&#8221;4.16&#8243; global_colors_info=&#8221;{}&#8221;][et_pb_row admin_label=&#8221;Fila&#8221; _builder_version=&#8221;4.16&#8243; background_size=&#8221;initial&#8221; background_position=&#8221;top_left&#8221; background_repeat=&#8221;repeat&#8221; global_colors_info=&#8221;{}&#8221;][et_pb_column type=&#8221;4_4&#8243; _builder_version=&#8221;4.16&#8243; custom_padding=&#8221;|||&#8221; global_colors_info=&#8221;{}&#8221; custom_padding__hover=&#8221;|||&#8221;][et_pb_blurb title=&#8221;Actividades&#8221; url=&#8221;http:\/\/observatoriomasculinidad.umh.es\/recursos\/actividades\/&#8221; use_icon=&#8221;on&#8221; font_icon=&#8221;&#xe07f;||divi||400&#8243; icon_color=&#8221;#ff99cc&#8221; admin_label=&#8221;RR_Actividades&#8221; _builder_version=&#8221;4.17.4&#8243; background_size=&#8221;initial&#8221; background_position=&#8221;top_left&#8221; background_repeat=&#8221;repeat&#8221; text_orientation=&#8221;center&#8221; animation=&#8221;off&#8221; use_border_color=&#8221;off&#8221; border_color=&#8221;#ffffff&#8221; border_style=&#8221;solid&#8221; use_circle=&#8221;off&#8221; use_circle_border=&#8221;off&#8221; circle_border_color=&#8221;#2ea3f2&#8243; circle_color=&#8221;#2ea3f2&#8243; global_module=&#8221;2215&#8243; saved_tabs=&#8221;all&#8221; global_colors_info=&#8221;{}&#8221;]<\/p>\n<p style=\"text-align: justify\">Jornadas, seminarios, simposios, congresos, convocatorias de becas y premios.<\/p>\n<p>[\/et_pb_blurb][\/et_pb_column][\/et_pb_row][\/et_pb_section][et_pb_section fb_built=&#8221;1&#8243; admin_label=&#8221;Secci\u00f3n&#8221; _builder_version=&#8221;4.16&#8243; global_colors_info=&#8221;{}&#8221;][et_pb_row admin_label=&#8221;Fila&#8221; _builder_version=&#8221;4.16&#8243; background_size=&#8221;initial&#8221; background_position=&#8221;top_left&#8221; background_repeat=&#8221;repeat&#8221; global_colors_info=&#8221;{}&#8221;][et_pb_column type=&#8221;4_4&#8243; _builder_version=&#8221;4.16&#8243; custom_padding=&#8221;|||&#8221; global_colors_info=&#8221;{}&#8221; custom_padding__hover=&#8221;|||&#8221;][et_pb_blog fullwidth=&#8221;off&#8221; posts_number=&#8221;30&#8243; include_categories=&#8221;103,71,47,46,72,104,16,100,48,101,98,99,105&#8243; show_author=&#8221;off&#8221; show_date=&#8221;off&#8221; show_categories=&#8221;off&#8221; use_overlay=&#8221;on&#8221; hover_icon=&#8221;&#x24;||divi||400&#8243; admin_label=&#8221;Blog _actividades&#8221; _builder_version=&#8221;4.17.4&#8243; hover_enabled=&#8221;0&#8243; use_border_color=&#8221;off&#8221; border_color=&#8221;#ffffff&#8221; border_style=&#8221;solid&#8221; use_dropshadow=&#8221;off&#8221; global_colors_info=&#8221;{}&#8221; sticky_enabled=&#8221;0&#8243;][\/et_pb_blog][\/et_pb_column][\/et_pb_row][\/et_pb_section]<\/p>\n","protected":false},"excerpt":{"rendered":"<p>Actividades En esta zona de recursos del Observatorio puedes encontrar la informaci\u00f3n que vamos recogiendo sobre Jornadas, seminarios, simposios, congresos, convocatorias de becas, premios y otras\u2026 Si quieres facilitar informaci\u00f3n sobre cualquier actividad de inter\u00e9s que eches en falta en el Observatorio puedes enviar un correo a masculinidad@umh.es con la informaci\u00f3n pertinente. Jornadas, seminarios, simposios, [&hellip;]<\/p>\n","protected":false},"author":14033,"featured_media":0,"parent":2082,"menu_order":1,"comment_status":"closed","ping_status":"closed","template":"","meta":{"_et_pb_use_builder":"on","_et_pb_old_content":"<div class=\"et_pb_blurb_container\"><h1><a href=\"http:\/\/observatoriomasculinidad.edu.umh.es\/formacion-divulgacion\/\">Actividades<\/a><\/h1><p>Jornadas, seminarios, simposios, congresos, convocatorias de becas y premios.<\/p><\/div>","_et_gb_content_width":"","_links_to":"","_links_to_target":""},"_links":{"self":[{"href":"https:\/\/observatoriomasculinidad.umh.es\/ca\/wp-json\/wp\/v2\/pages\/2537"}],"collection":[{"href":"https:\/\/observatoriomasculinidad.umh.es\/ca\/wp-json\/wp\/v2\/pages"}],"about":[{"href":"https:\/\/observatoriomasculinidad.umh.es\/ca\/wp-json\/wp\/v2\/types\/page"}],"author":[{"embeddable":true,"href":"https:\/\/observatoriomasculinidad.umh.es\/ca\/wp-json\/wp\/v2\/users\/14033"}],"replies":[{"embeddable":true,"href":"https:\/\/observatoriomasculinidad.umh.es\/ca\/wp-json\/wp\/v2\/comments?post=2537"}],"version-history":[{"count":0,"href":"https:\/\/observatoriomasculinidad.umh.es\/ca\/wp-json\/wp\/v2\/pages\/2537\/revisions"}],"up":[{"embeddable":true,"href":"https:\/\/observatoriomasculinidad.umh.es\/ca\/wp-json\/wp\/v2\/pages\/2082"}],"wp:attachment":[{"href":"https:\/\/observatoriomasculinidad.umh.es\/ca\/wp-json\/wp\/v2\/media?parent=2537"}],"curies":[{"name":"wp","href":"https:\/\/api.w.org\/{rel}","templated":true}]}}