{"id":159,"date":"2019-11-15T11:31:00","date_gmt":"2019-11-15T11:31:00","guid":{"rendered":"http:\/\/observatoriomasculinidad.umh.es\/?page_id=159"},"modified":"2023-01-30T19:45:58","modified_gmt":"2023-01-30T18:45:58","slug":"agenda","status":"publish","type":"page","link":"https:\/\/observatoriomasculinidad.umh.es\/ca\/agenda\/","title":{"rendered":"Agenda"},"content":{"rendered":"<p>[et_pb_section fb_built=&#8221;1&#8243; admin_label=&#8221;section&#8221; _builder_version=&#8221;4.16&#8243; use_background_color_gradient=&#8221;on&#8221; background_image=&#8221;http:\/\/observatoriomasculinidad.umh.es\/files\/2018\/07\/imagen-congres-masc2-e1574862280282.jpg&#8221; custom_padding=&#8221;||150px|&#8221; transparent_background=&#8221;off&#8221; padding_mobile=&#8221;off&#8221; make_fullwidth=&#8221;off&#8221; use_custom_width=&#8221;off&#8221; width_unit=&#8221;on&#8221; global_colors_info=&#8221;{}&#8221;][et_pb_row padding_mobile=&#8221;off&#8221; column_padding_mobile=&#8221;on&#8221; admin_label=&#8221;Fila&#8221; _builder_version=&#8221;4.16&#8243; background_size=&#8221;initial&#8221; background_position=&#8221;top_left&#8221; background_repeat=&#8221;repeat&#8221; custom_margin=&#8221;100px|||&#8221; make_fullwidth=&#8221;off&#8221; use_custom_width=&#8221;off&#8221; width_unit=&#8221;on&#8221; global_colors_info=&#8221;{}&#8221;][et_pb_column type=&#8221;4_4&#8243; _builder_version=&#8221;4.16&#8243; custom_padding=&#8221;|||&#8221; global_colors_info=&#8221;{}&#8221; custom_padding__hover=&#8221;|||&#8221;][et_pb_text admin_label=&#8221;Texto&#8221; _builder_version=&#8221;4.16&#8243; header_font_size=&#8221;45px&#8221; background_color=&#8221;rgba(0,0,0,0.43)&#8221; background_size=&#8221;initial&#8221; background_position=&#8221;top_left&#8221; background_repeat=&#8221;repeat&#8221; text_orientation=&#8221;center&#8221; background_layout=&#8221;dark&#8221; module_alignment=&#8221;center&#8221; custom_css_main_element=&#8221;width:300px;&#8221; use_border_color=&#8221;off&#8221; border_color=&#8221;#ffffff&#8221; border_style=&#8221;solid&#8221; global_colors_info=&#8221;{}&#8221;]<\/p>\n<h1 style=\"text-align: center\">Agenda<\/h1>\n<p>[\/et_pb_text][\/et_pb_column][\/et_pb_row][\/et_pb_section][et_pb_section fb_built=&#8221;1&#8243; admin_label=&#8221;Secci\u00f3n&#8221; _builder_version=&#8221;4.16&#8243; global_colors_info=&#8221;{}&#8221;][et_pb_row admin_label=&#8221;Fila&#8221; _builder_version=&#8221;4.16&#8243; background_size=&#8221;initial&#8221; background_position=&#8221;top_left&#8221; background_repeat=&#8221;repeat&#8221; global_colors_info=&#8221;{}&#8221;][et_pb_column type=&#8221;4_4&#8243; _builder_version=&#8221;4.16&#8243; custom_padding=&#8221;|||&#8221; global_colors_info=&#8221;{}&#8221; custom_padding__hover=&#8221;|||&#8221;][et_pb_code _builder_version=&#8221;4.17.4&#8243; text_orientation=&#8221;center&#8221; hover_enabled=&#8221;0&#8243; global_colors_info=&#8221;{}&#8221; sticky_enabled=&#8221;0&#8243;]\n<!-- iframe plugin v.4.5 wordpress.org\/plugins\/iframe\/ -->\n<iframe loading=\"lazy\" src=\"https:\/\/calendar.google.com\/calendar\/embed?height=600&#038;wkst=1&#038;bgcolor=%23ffffff&#038;ctz=Europe%2FMadrid&#038;src=bWFzY3VsaW5pZGFkQHVtaC5lcw&#038;color=%23039BE5\" style=\"border:solid 1px #777\" width=\"600\" height=\"600\" frameborder=\"0\" scrolling=\"no\" class=\"iframe-class\"><\/iframe>\n<!-- [et_pb_line_break_holder] -->[\/et_pb_code][et_pb_text admin_label=&#8221;Texto&#8221; _builder_version=&#8221;4.17.4&#8243; background_size=&#8221;initial&#8221; background_position=&#8221;top_left&#8221; background_repeat=&#8221;repeat&#8221; hover_enabled=&#8221;0&#8243; use_border_color=&#8221;off&#8221; border_color=&#8221;#ffffff&#8221; border_style=&#8221;solid&#8221; global_colors_info=&#8221;{}&#8221; sticky_enabled=&#8221;0&#8243;]<\/p>\n<p style=\"text-align: left\"><div role=\"form\" class=\"wpcf7\" id=\"wpcf7-f700-o1\" lang=\"es-ES\" dir=\"ltr\">\n<div class=\"screen-reader-response\"><p role=\"status\" aria-live=\"polite\" aria-atomic=\"true\"><\/p> <ul><\/ul><\/div>\n<form action=\"\/ca\/wp-json\/wp\/v2\/pages\/159#wpcf7-f700-o1\" method=\"post\" class=\"wpcf7-form init\" novalidate=\"novalidate\" data-status=\"init\">\n<div style=\"display: none;\">\n<input type=\"hidden\" name=\"_wpcf7\" value=\"700\" \/>\n<input type=\"hidden\" name=\"_wpcf7_version\" value=\"5.5.2\" \/>\n<input type=\"hidden\" name=\"_wpcf7_locale\" value=\"es_ES\" \/>\n<input type=\"hidden\" name=\"_wpcf7_unit_tag\" value=\"wpcf7-f700-o1\" \/>\n<input type=\"hidden\" name=\"_wpcf7_container_post\" value=\"0\" \/>\n<input type=\"hidden\" name=\"_wpcf7_posted_data_hash\" value=\"\" \/>\n<input type=\"hidden\" name=\"_wpcf7_recaptcha_response\" value=\"\" \/>\n<\/div>\n<p><br\/>\n<p class=\"top_form\" style=\"text-align:center;color:black;font-size:25px\"><b>RECIBE INFORMACI\u00d3N<\/b><\/p>\n<p class=\"top_form\" style=\"text-align:center;color:black;font-size:13px\">\nRellena la siguiente informaci\u00f3n para suscribirte a la lista de distribuci\u00f3n del Observatorio de las masculinidades UMH. Recibir\u00e1s un correo inicial para validar tu suscripci\u00f3n.<\/p>\n<p style=\"text-align:center;color:black\">\n    <span class=\"wpcf7-form-control-wrap your-name\"><input type=\"text\" name=\"your-name\" value=\"\" size=\"40\" class=\"wpcf7-form-control wpcf7-text wpcf7-validates-as-required\" aria-required=\"true\" aria-invalid=\"false\" placeholder=\"Nombre (requerido)\" \/><\/span> <\/p>\n<p style=\"text-align:center;color:black\">\n    <span class=\"wpcf7-form-control-wrap your-surname\"><input type=\"text\" name=\"your-surname\" value=\"\" size=\"40\" class=\"wpcf7-form-control wpcf7-text wpcf7-validates-as-required\" aria-required=\"true\" aria-invalid=\"false\" placeholder=\"Apellidos (requerido)\" \/><\/span> <\/p>\n<p style=\"text-align:center;color:black\">\n    <span class=\"wpcf7-form-control-wrap your-email\"><input type=\"email\" name=\"your-email\" value=\"\" size=\"40\" class=\"wpcf7-form-control wpcf7-text wpcf7-email wpcf7-validates-as-required wpcf7-validates-as-email\" aria-required=\"true\" aria-invalid=\"false\" placeholder=\"E-mail (requerido)\" \/><\/span> <\/p>\n<p style=\"text-align:center;color:black;font-size:8px\">Responsable: Universidad Miguel Hern\u00e1ndez de Elche (UMH)<br \/>\nFinalidad: Enviar informaci\u00f3n relativa a las actividades que se realizan desde el Observatorio de las Masculinidades UMH.<br \/>\nLegitimaci\u00f3n: Art. 6.1.a) RGPD: Consentimiento expreso<br \/>\nCesiones \/transferencias internacionales: No existen<br \/>\nDerechos: Acceder, rectificar y suprimir los datos, as\u00ed como otros derechos, como se explica en la informaci\u00f3n adicional<br \/>\nM\u00e1s informaci\u00f3n: <a href=\"http:\/\/observatoriomasculinidad.umh.es\/politica-proteccion-datos\/\" style=\"color:#33CFFF;\" target=\"_blank\">http:\/\/observatoriomasculinidad.umh.es\/politica-proteccion-datos\/<\/a>\n<\/p>\n<p style=\"text-align:center;color:black;font-size:10px\">\n<span class=\"wpcf7-form-control-wrap entiendo\"><span class=\"wpcf7-form-control wpcf7-checkbox wpcf7-validates-as-required\"><span class=\"wpcf7-list-item first last\"><input type=\"checkbox\" name=\"entiendo[]\" value=\"entiendo y me doy por informado del tratamiento de mis datos con la finalidad anteriormente indicada.\" \/><span class=\"wpcf7-list-item-label\">entiendo y me doy por informado del tratamiento de mis datos con la finalidad anteriormente indicada.<\/span><\/span><\/span><\/span><\/p>\n<p><br><\/p>\n<p style=\"display: inline-block;\">\n<span class=\"wpcf7-form-control-wrap recaptcha\" data-name=\"recaptcha\"><span data-sitekey=\"6LdoYCckAAAAAPgmKlpU5rIrxI6dbPh9xkctj6p2\" class=\"wpcf7-form-control g-recaptcha wpcf7-recaptcha\"><\/span>\r\n<noscript>\r\n\t<div class=\"grecaptcha-noscript\">\r\n\t\t<iframe loading=\"lazy\" src=\"https:\/\/www.google.com\/recaptcha\/api\/fallback?k=6LdoYCckAAAAAPgmKlpU5rIrxI6dbPh9xkctj6p2\" frameborder=\"0\" scrolling=\"no\" width=\"310\" height=\"430\">\r\n\t\t<\/iframe>\r\n\t\t<textarea name=\"g-recaptcha-response\" rows=\"3\" cols=\"40\" placeholder=\"reCaptcha Response Here\">\r\n\t\t<\/textarea>\r\n\t<\/div>\r\n<\/noscript>\r\n<\/span>\n<p style=\"text-align:center\"><input type=\"submit\" value=\"Env\u00edame informaci\u00f3n\" class=\"wpcf7-form-control has-spinner wpcf7-submit\" \/><\/p>\n<p><br\/><\/p>\n<div class=\"wpcf7-response-output\" aria-hidden=\"true\"><\/div><\/form><\/div>\n<p>[\/et_pb_text][\/et_pb_column][\/et_pb_row][\/et_pb_section]<\/p>\n","protected":false},"excerpt":{"rendered":"<p>Agenda \n<!-- iframe plugin v.4.5 wordpress.org\/plugins\/iframe\/ -->\n<iframe src=\"https:\/\/calendar.google.com\/calendar\/embed?height=600&#038;wkst=1&#038;bgcolor=%23ffffff&#038;ctz=Europe%2FMadrid&#038;src=bWFzY3VsaW5pZGFkQHVtaC5lcw&#038;color=%23039BE5\" style=\"border:solid 1px #777\" width=\"600\" height=\"600\" frameborder=\"0\" scrolling=\"no\" class=\"iframe-class\"><\/iframe>\n<div role=\"form\" class=\"wpcf7\" id=\"wpcf7-f700-o3\" lang=\"es-ES\" dir=\"ltr\">\n<div class=\"screen-reader-response\"><p role=\"status\" aria-live=\"polite\" aria-atomic=\"true\"><\/p> <ul><\/ul><\/div>\n<form action=\"\/ca\/wp-json\/wp\/v2\/pages\/159#wpcf7-f700-o3\" method=\"post\" class=\"wpcf7-form init\" novalidate=\"novalidate\" data-status=\"init\">\n<div style=\"display: none;\">\n<input type=\"hidden\" name=\"_wpcf7\" value=\"700\" \/>\n<input type=\"hidden\" name=\"_wpcf7_version\" value=\"5.5.2\" \/>\n<input type=\"hidden\" name=\"_wpcf7_locale\" value=\"es_ES\" \/>\n<input type=\"hidden\" name=\"_wpcf7_unit_tag\" value=\"wpcf7-f700-o3\" \/>\n<input type=\"hidden\" name=\"_wpcf7_container_post\" value=\"0\" \/>\n<input type=\"hidden\" name=\"_wpcf7_posted_data_hash\" value=\"\" \/>\n<input type=\"hidden\" name=\"_wpcf7_recaptcha_response\" value=\"\" \/>\n<\/div>\n<p><br\/>\n<p class=\"top_form\" style=\"text-align:center;color:black;font-size:25px\"><b>RECIBE INFORMACI\u00d3N<\/b><\/p>\n<p class=\"top_form\" style=\"text-align:center;color:black;font-size:13px\">\nRellena la siguiente informaci\u00f3n para suscribirte a la lista de distribuci\u00f3n del Observatorio de las masculinidades UMH. Recibir\u00e1s un correo inicial para validar tu suscripci\u00f3n.<\/p>\n<p style=\"text-align:center;color:black\">\n    <span class=\"wpcf7-form-control-wrap your-name\"><input type=\"text\" name=\"your-name\" value=\"\" size=\"40\" class=\"wpcf7-form-control wpcf7-text wpcf7-validates-as-required\" aria-required=\"true\" aria-invalid=\"false\" placeholder=\"Nombre (requerido)\" \/><\/span> <\/p>\n<p style=\"text-align:center;color:black\">\n    <span class=\"wpcf7-form-control-wrap your-surname\"><input type=\"text\" name=\"your-surname\" value=\"\" size=\"40\" class=\"wpcf7-form-control wpcf7-text wpcf7-validates-as-required\" aria-required=\"true\" aria-invalid=\"false\" placeholder=\"Apellidos (requerido)\" \/><\/span> <\/p>\n<p style=\"text-align:center;color:black\">\n    <span class=\"wpcf7-form-control-wrap your-email\"><input type=\"email\" name=\"your-email\" value=\"\" size=\"40\" class=\"wpcf7-form-control wpcf7-text wpcf7-email wpcf7-validates-as-required wpcf7-validates-as-email\" aria-required=\"true\" aria-invalid=\"false\" placeholder=\"E-mail (requerido)\" \/><\/span> <\/p>\n<p style=\"text-align:center;color:black;font-size:8px\">Responsable: Universidad Miguel Hern\u00e1ndez de Elche (UMH)<br \/>\nFinalidad: Enviar informaci\u00f3n relativa a las actividades que se realizan desde el Observatorio de las Masculinidades UMH.<br \/>\nLegitimaci\u00f3n: Art. 6.1.a) RGPD: Consentimiento expreso<br \/>\nCesiones \/transferencias internacionales: No existen<br \/>\nDerechos: Acceder, rectificar y suprimir los datos, as\u00ed como otros derechos, como se explica en la informaci\u00f3n adicional<br \/>\nM\u00e1s informaci\u00f3n: <a href=\"http:\/\/observatoriomasculinidad.umh.es\/politica-proteccion-datos\/\" style=\"color:#33CFFF;\" target=\"_blank\">http:\/\/observatoriomasculinidad.umh.es\/politica-proteccion-datos\/<\/a>\n<\/p>\n<p style=\"text-align:center;color:black;font-size:10px\">\n<span class=\"wpcf7-form-control-wrap entiendo\"><span class=\"wpcf7-form-control wpcf7-checkbox wpcf7-validates-as-required\"><span class=\"wpcf7-list-item first last\"><input type=\"checkbox\" name=\"entiendo[]\" value=\"entiendo y me doy por informado del tratamiento de mis datos con la finalidad anteriormente indicada.\" \/><span class=\"wpcf7-list-item-label\">entiendo y me doy por informado del tratamiento de mis datos con la finalidad anteriormente indicada.<\/span><\/span><\/span><\/span><\/p>\n<p><br><\/p>\n<p style=\"display: inline-block;\">\n<span class=\"wpcf7-form-control-wrap recaptcha\" data-name=\"recaptcha\"><span data-sitekey=\"6LdoYCckAAAAAPgmKlpU5rIrxI6dbPh9xkctj6p2\" class=\"wpcf7-form-control g-recaptcha wpcf7-recaptcha\"><\/span>\r\n<noscript>\r\n\t<div class=\"grecaptcha-noscript\">\r\n\t\t<iframe src=\"https:\/\/www.google.com\/recaptcha\/api\/fallback?k=6LdoYCckAAAAAPgmKlpU5rIrxI6dbPh9xkctj6p2\" frameborder=\"0\" scrolling=\"no\" width=\"310\" height=\"430\">\r\n\t\t<\/iframe>\r\n\t\t<textarea name=\"g-recaptcha-response\" rows=\"3\" cols=\"40\" placeholder=\"reCaptcha Response Here\">\r\n\t\t<\/textarea>\r\n\t<\/div>\r\n<\/noscript>\r\n<\/span>\n<p style=\"text-align:center\"><input type=\"submit\" value=\"Env\u00edame informaci\u00f3n\" class=\"wpcf7-form-control has-spinner wpcf7-submit\" \/><\/p>\n<p><br\/><\/p>\n<div class=\"wpcf7-response-output\" aria-hidden=\"true\"><\/div><\/form><\/div><\/p>\n","protected":false},"author":17008,"featured_media":0,"parent":0,"menu_order":0,"comment_status":"open","ping_status":"open","template":"","meta":{"_et_pb_use_builder":"on","_et_pb_old_content":"","_et_gb_content_width":"","_links_to":"","_links_to_target":""},"_links":{"self":[{"href":"https:\/\/observatoriomasculinidad.umh.es\/ca\/wp-json\/wp\/v2\/pages\/159"}],"collection":[{"href":"https:\/\/observatoriomasculinidad.umh.es\/ca\/wp-json\/wp\/v2\/pages"}],"about":[{"href":"https:\/\/observatoriomasculinidad.umh.es\/ca\/wp-json\/wp\/v2\/types\/page"}],"author":[{"embeddable":true,"href":"https:\/\/observatoriomasculinidad.umh.es\/ca\/wp-json\/wp\/v2\/users\/17008"}],"replies":[{"embeddable":true,"href":"https:\/\/observatoriomasculinidad.umh.es\/ca\/wp-json\/wp\/v2\/comments?post=159"}],"version-history":[{"count":0,"href":"https:\/\/observatoriomasculinidad.umh.es\/ca\/wp-json\/wp\/v2\/pages\/159\/revisions"}],"wp:attachment":[{"href":"https:\/\/observatoriomasculinidad.umh.es\/ca\/wp-json\/wp\/v2\/media?parent=159"}],"curies":[{"name":"wp","href":"https:\/\/api.w.org\/{rel}","templated":true}]}}